{"id":1590,"date":"2021-10-08T22:00:28","date_gmt":"2021-10-08T20:00:28","guid":{"rendered":"https:\/\/aislovakia.com\/newsletter\/"},"modified":"2022-07-11T10:40:37","modified_gmt":"2022-07-11T08:40:37","slug":"newsletter","status":"publish","type":"page","link":"https:\/\/aislovakia.com\/en\/newsletter\/","title":{"rendered":"Newsletter"},"content":{"rendered":"<div class=\"tnp tnp-subscription\">\n<form method=\"post\" action=\"https:\/\/aislovakia.com\/en\/?na=s\" data-trp-original-action=\"https:\/\/aislovakia.com\/en\/?na=s\">\n\n<input type=\"hidden\" name=\"nlang\" value=\"\"><div class=\"tnp-field tnp-field-firstname\"><label for=\"tnp-1\">Krstn\u00e9 meno alebo cel\u00e9 meno<\/label>\n<input class=\"tnp-name\" type=\"text\" name=\"nn\" id=\"tnp-1\" value=\"\"><\/div>\n<div class=\"tnp-field tnp-field-email\"><label for=\"tnp-2\">Email<\/label>\n<input class=\"tnp-email\" type=\"email\" name=\"ne\" id=\"tnp-2\" value=\"\" required><\/div>\n<div class=\"tnp-field tnp-privacy-field\"><label><input type=\"checkbox\" name=\"ny\" required class=\"tnp-privacy\"> Pokra\u010dovan\u00edm prij\u00edmate z\u00e1sady ochrany osobn\u00fdch \u00fadajov<\/label><\/div><div class=\"tnp-field tnp-field-button\"><input class=\"tnp-submit\" type=\"submit\" value=\"Odbera\u0165\" >\n<\/div>\n<input type=\"hidden\" name=\"trp-form-language\" value=\"en\"\/><\/form>\n<\/div>","protected":false},"excerpt":{"rendered":"","protected":false},"author":3,"featured_media":0,"parent":0,"menu_order":0,"comment_status":"closed","ping_status":"closed","template":"","meta":{"_monsterinsights_skip_tracking":false,"_monsterinsights_sitenote_active":false,"_monsterinsights_sitenote_note":"","_monsterinsights_sitenote_category":0},"_links":{"self":[{"href":"https:\/\/aislovakia.com\/en\/wp-json\/wp\/v2\/pages\/1590"}],"collection":[{"href":"https:\/\/aislovakia.com\/en\/wp-json\/wp\/v2\/pages"}],"about":[{"href":"https:\/\/aislovakia.com\/en\/wp-json\/wp\/v2\/types\/page"}],"author":[{"embeddable":true,"href":"https:\/\/aislovakia.com\/en\/wp-json\/wp\/v2\/users\/3"}],"replies":[{"embeddable":true,"href":"https:\/\/aislovakia.com\/en\/wp-json\/wp\/v2\/comments?post=1590"}],"version-history":[{"count":3,"href":"https:\/\/aislovakia.com\/en\/wp-json\/wp\/v2\/pages\/1590\/revisions"}],"predecessor-version":[{"id":2065,"href":"https:\/\/aislovakia.com\/en\/wp-json\/wp\/v2\/pages\/1590\/revisions\/2065"}],"wp:attachment":[{"href":"https:\/\/aislovakia.com\/en\/wp-json\/wp\/v2\/media?parent=1590"}],"curies":[{"name":"wp","href":"https:\/\/api.w.org\/{rel}","templated":true}]}}