{"id":273,"date":"2018-01-11T15:07:06","date_gmt":"2018-01-11T15:07:06","guid":{"rendered":"https:\/\/aislovakia.com\/%e5%8f%82%e5%8a%a0%e7%94%b3%e8%be%bc\/"},"modified":"2018-01-11T15:07:06","modified_gmt":"2018-01-11T15:07:06","slug":"%e5%8f%82%e5%8a%a0%e7%94%b3%e8%be%bc","status":"publish","type":"page","link":"https:\/\/aislovakia.com\/en\/%e5%8f%82%e5%8a%a0%e7%94%b3%e8%be%bc\/","title":{"rendered":"\u53c2\u52a0\u7533\u8fbc"},"content":{"rendered":"<h4 style=\"\\\"text-align:\" justify;\\\"><span style=\"\\\"color:\" #000000;\\\">Online registration\u00a0<strong>is open between March 20, 2018 and August 22, 2018.<\/strong><\/span><\/h4>\n<p style=\"\\\"text-align:\" left;\\\"><span style=\"\\\"color:\" #000000;\\\">The registration is complete if you have:<\/span><\/p>\n<ul style=\"\\\"text-align:\" left;\\\">\n<li style=\"\\\"list-style-type:\" none;\\\">\n<ul>\n<li><span style=\"\\\"color:\" #000000;\\\"><strong>filled in the online registration above<\/strong><\/span><\/li>\n<li><span style=\"\\\"color:\" #000000;\\\"><strong>arranged the registration fee payment by wire transfer<\/strong><\/span><\/li>\n<li><span style=\"\\\"color:\" #000000;\\\"><strong>submitted the final paper until June 20, 2018 the latest<\/strong><\/span><\/li>\n<\/ul>\n<\/li>\n<\/ul>\n<p style=\"\\\"text-align:\" justify;\\\"><span style=\"\\\"color:\" #000000;\\\">Only one paper can be included into the proceedings by paying one registration fee. For including any paper into the proceedings, it is necessary for at least one co-author to be registered and the registration fee has to be paid in advance until August 22, 2018. All papers must be presented either in an oral session or in poster session.<\/span><\/p>\n<p style=\"\\\"text-align:\" justify;\\\"><strong><span style=\"\\\"color:\" #000000;\\\">Registration fees are as follows:<\/span><\/strong><\/p>\n<p style=\"\\\"text-align:\" justify;\\\"><span style=\"\\\"color:\" #000000;\\\">DISA 2018 (August 23-25, 2018) &#8211;\u00a0IEEE Member or Student &#8211; <strong>270\u20ac<\/strong><\/span><\/p>\n<p style=\"\\\"text-align:\" justify;\\\"><span style=\"\\\"color:\" #000000;\\\">DISA 2018 (August 23-25, 2018) &#8211; Non-IEEE Member or Student &#8211; <strong>300\u20ac<\/strong><\/span><\/p>\n<p style=\"\\\"text-align:\" justify;\\\"><span style=\"\\\"color:\" #000000;\\\">Post-conference Meeting in High Tatras (August 25-26, 2018) &#8211;\u00a0IEEE Member or Student &#8211; <strong>150\u20ac<\/strong><\/span><\/p>\n<p style=\"\\\"text-align:\" justify;\\\"><span style=\"\\\"color:\" #000000;\\\">Post-conference Meeting in High Tatras (August 25-26, 2018) &#8211; Non-IEEE Member or Student &#8211; <strong>180\u20ac<\/strong><\/span><\/p>\n<p>&nbsp;<\/p>\n<p style=\"\\\"text-align:\" justify;\\\"><span style=\"\\\"color:\" #000000;\\\">DISA 2018 (August 23-25, 2018) registration fee includes access to the Symposium venue and program, IEEE CD ROM proceedings, coffee breaks and refreshment, lunches and welcome party at the Symposium.<\/span><\/p>\n<p style=\"\\\"text-align:\" justify;\\\"><span style=\"\\\"color:\" #000000;\\\">All sums are listed in \u20ac with Value Added Tax (VAT).\u00a0Any additional expenses pertaining to banking operations are not included in the registration fee and must be covered by the registrants.<\/span><\/p>\n<p style=\"\\\"text-align:\" justify;\\\"><span style=\"\\\"color:\" #000000;\\\"><strong>Cancellation of registration:<\/strong>\u00a0In case you need to cancel your participation at the symposium, the cancellation must be sent to the Symposium Office by letter or e-mail. Refunding of the conference fees (to be returned to the participant as per mail stamp or date on your letter or e-mail message) is not possible after July 15, 2018.<\/span><\/p>\n<p style=\"\\\"text-align:\" left;\\\"><span style=\"\\\"color:\" #000000;\\\"><strong>Payment method: bank transfer or on-site cash in \u20ac:<\/strong><\/span><br \/>\n<span style=\"\\\"color:\" #000000;\\\">Account Holder: elfa, s r.o.<\/span><br \/>\n<span style=\"\\\"color:\" #000000;\\\"> Account Holder Address: Park Komensk\u00e9ho 7, SK-04001 Kosice, Slovakia<\/span><br \/>\n<span style=\"\\\"color:\" #000000;\\\"> Bank: Tatrabanka, a.s.<\/span><br \/>\n<span style=\"\\\"color:\" #000000;\\\"> Bank Address: \u0160t\u00farova 28, 04001 Ko\u0161ice, Slovakia<\/span><br \/>\n<span style=\"\\\"color:\" #000000;\\\"> IBAN: SK85 1100 0000 0029 2688 4443<\/span><br \/>\n<span style=\"\\\"color:\" #000000;\\\"> SWIFT Code: TATR SK BX<\/span><br \/>\n<span style=\"\\\"color:\" #000000;\\\"> ID Message (IMPORANT!): DISA 2018 \/ Participant Name<\/span><\/p>","protected":false},"excerpt":{"rendered":"<p>Online registration\u00a0is open between March 20, 2018 and August 22, 2018. The registration is complete if you have: filled in the online registration above arranged the registration fee payment by wire transfer submitted the final paper until June 20, 2018 the latest Only one paper can be included into the proceedings by paying one registration [&hellip;]<\/p>","protected":false},"author":5,"featured_media":0,"parent":0,"menu_order":0,"comment_status":"closed","ping_status":"closed","template":"","meta":{"_monsterinsights_skip_tracking":false,"_monsterinsights_sitenote_active":false,"_monsterinsights_sitenote_note":"","_monsterinsights_sitenote_category":0},"_links":{"self":[{"href":"https:\/\/aislovakia.com\/en\/wp-json\/wp\/v2\/pages\/273"}],"collection":[{"href":"https:\/\/aislovakia.com\/en\/wp-json\/wp\/v2\/pages"}],"about":[{"href":"https:\/\/aislovakia.com\/en\/wp-json\/wp\/v2\/types\/page"}],"author":[{"embeddable":true,"href":"https:\/\/aislovakia.com\/en\/wp-json\/wp\/v2\/users\/5"}],"replies":[{"embeddable":true,"href":"https:\/\/aislovakia.com\/en\/wp-json\/wp\/v2\/comments?post=273"}],"version-history":[{"count":0,"href":"https:\/\/aislovakia.com\/en\/wp-json\/wp\/v2\/pages\/273\/revisions"}],"wp:attachment":[{"href":"https:\/\/aislovakia.com\/en\/wp-json\/wp\/v2\/media?parent=273"}],"curies":[{"name":"wp","href":"https:\/\/api.w.org\/{rel}","templated":true}]}}