{"id":291,"date":"2018-01-11T15:20:52","date_gmt":"2018-01-11T15:20:52","guid":{"rendered":"https:\/\/aislovakia.com\/__trashed-2\/"},"modified":"2018-01-11T15:20:52","modified_gmt":"2018-01-11T15:20:52","slug":"__trashed-2","status":"publish","type":"page","link":"https:\/\/aislovakia.com\/en\/__trashed-2\/","title":{"rendered":"\u0645\u062d\u0644 \u0628\u0631\u06af\u0632\u0627\u0631\u06cc"},"content":{"rendered":"<p><img class=\"\\\"alignleft\\\"\" src=\"\\\"http:\/\/dev.erlang.sk\/www.disa.sk\/file\/upload\/tuke.png\\\"\" width=\"\\\"192\\\"\" height=\"\\\"196\\\"\" \/>\u00a0\u00a0\u00a0<img class=\"\\\"alignnone\\\"\" src=\"\\\"http:\/\/dev.erlang.sk\/www.disa.sk\/file\/upload\/TUKE001.jpg\\\"\" alt=\"\\\"\\\"\" width=\"\\\"300\\\"\" height=\"\\\"200\\\"\" \/><\/p>\n<p style=\"\\\"direction:\" ltr;\\\"><span style=\"\\\"color:\" #000000;\\\">DISA 2018 will take place at the\u00a0<strong>Campus of the Technical University of Ko\u0161ice, Slovakia. Technical University of Ko\u0161ice has over 9,500 students and 9 faculties and is an important part of the city\u2019s social, cultural and scientific life.<\/strong><\/span><\/p>\n<p style=\"\\\"direction:\" ltr;\\\"><span style=\"\\\"color:\" #000000;\\\">The Technical University of Ko\u0161ice was founded in 1952, but its roots must be sought much deeper in the past. As early as 1657 the Universitas Cassoviensis was established in Ko\u0161ice, but technical education in Slovakia was only elevated to higher &#8211; education level in 1762, when the Austro-Hungarian monarch Maria Theresa established the Mining Academy in Bansk\u00e1 \u0160tiavnica. This provided education and promoted research activity in a group of scientific disciplines ranging from ore mining through to production and processing of metal materials. The origins of higher technical education in Ko\u0161ice reach back to 1937, when the M.R.\u0160tef\u00e1nik State Technical College was established in the city. Teaching was supposed to start in the academic year 1938\/39, but the pre-war events following the Vienna Arbitration caused the college to be moved first to Pre\u0161ov, then to Martin and finally to Bratislava, where it remained and later formed the basis for the Slovak Technical University in Bratislava.<\/span><\/p>\n<p style=\"\\\"direction:\" ltr;\\\"><span style=\"\\\"color:\" #000000;\\\">The true birth of the Ko\u0161ice Technical College came on 8 July 1952, when the Czechoslovak Government issued Directive No.30\/1952 Statutes setting up three faculties, namely the Faculties of Heavy Engineering, Mining and Metallurgy. These were joined in 1969 by the Faculty of Electrical Engineering and in 1978 by the Faculty of Civil Engineering. The important event of the renaming of the College into the Technical University of Ko\u0161ice occurred on 13 February 1991. In 1992 the Faculty of Professional Studies was set up in Pre\u0161ov, which was transformed in 1996 into today\u00b4s Faculty of Manufacturing Technologies.The year 1992 also saw the introduction of the Faculty of Economics, which meant that the University outgrew its original framework of purely technical disciplines, and it continued in this trend in 1998 with the founding of the present-day Faculty of Arts.The Faculty of Aeronautics of the Technical University of Ko\u0161ice was established on January 1, 2005 as a successor of the Air Force Academy of Milan Rastislav \u0160tef\u00e1nik in Ko\u0161ice, which has been a prestigious educational institution in Europe and in the world providing university education for pilots and air operating personnel for over 30 years.<\/span><\/p>\n<p>&nbsp;<\/p>\n<p style=\"\\\"direction:\" ltr;\\\"><span style=\"\\\"color:\" #000000; direction: ltr;\\\"><strong>Ko\u0161ice<\/strong>, with 234,000 citizens, is the second largest town in Slovakia after the capital. It is situated in the eastern part of the country, close to the border with Hungary (20 km) on the south, Ukraine in the east (80 km) and Poland in the north (90 km). The town is located in the valley of the River Horn\u00e1d; from the west it is surrounded by the Slovak mountain. Ko\u0161ice is Eastern Slovakia\u00b4s cultural, industrial, commercial, administrative and scientific center. Slovakia\u00b4s second largest city is a historic treasure trove, as well as a lively melting pot of nationalities. The Old Town\u00b4s pedestrian &#8211; only cobblestone &#8211; Main Square is lined with baroque and neo-classical mansions. In fact, Ko\u0161ice has the largest preserved urban area in the country. It also has Slovakia\u00b4s most beautiful cathedral in the middle of the oval-shaped Main Square. Ko\u0161ice was European Capital of Culture in 2013 and was awarded with the title Ko\u0161ice &#8211; UNESCO Creative City, City of Media Arts. More on\u00a0<span style=\"\\\"color:\" #008000;\\\"><a style=\"\\\"color:\" #008000;\\\" href=\"\/en\/\\\"http:\/\/www.kosice.sk\/\\\"\/\">www.kosice.sk<\/a><\/span>.<\/span><\/p>\n<div style=\"\\\"direction:\" ltr;\\\">\n<h4><span style=\"\\\"color:\" #000000;\\\">Symposium participants are responsible for making their own hotel arrangements.<\/span><\/h4>\n<p><span style=\"\\\"color:\" #000000; direction: ltr;\\\">We recommend the accomodation near Conference Venue:<\/span><br \/>\n<span style=\"\\\"color:\" #008000; direction: ltr;\\\"><a style=\"\\\"color:\" #008000;\\\" href=\"\/en\/\\\"http:\/\/www.hotel-yasmin.sk\/en\\\"\/\" target=\"\\\"_blank\\\"\" rel=\"\\\"noopener\\\"\">Design Hotel Yasmin, Ko\u0161ice<\/a><\/span><br \/>\n<span style=\"\\\"color:\" #008000; direction: ltr;\\\"><a style=\"\\\"color:\" #008000;\\\" href=\"\/en\/\\\"http:\/\/www.doubletree-kosice.com\/home\/\\\"\/\" target=\"\\\"_blank\\\"\" rel=\"\\\"noopener\\\"\">DoubleTree by Hilton, Ko\u0161ice<\/a><\/span><br \/>\n<span style=\"\\\"color:\" #008000; direction: ltr;\\\"><a style=\"\\\"color:\" #008000;\\\" href=\"\\\"http:\/\/www.rokoko.sk\/index.php?ids=11\\\"\" target=\"\\\"_blank\\\"\" rel=\"\\\"noopener\\\"\">Boutique Hotel Rokoko, Ko\u0161ice<\/a><\/span><br \/>\n<span style=\"\\\"color:\" #008000; direction: ltr;\\\"><a style=\"\\\"color:\" #008000;\\\" href=\"\/en\/\\\"http:\/\/www.hotelmaraton.sk\/en\/\\\"\/\" target=\"\\\"_blank\\\"\" rel=\"\\\"noopener\\\"\">Boutique Hotel Maraton, Ko\u0161ice<\/a><\/span><br \/>\n<span style=\"\\\"color:\" #008000; direction: ltr;\\\"><a style=\"\\\"color:\" #008000;\\\" href=\"\/en\/\\\"http:\/\/www.ambassador.sk\/en\/\\\"\/\" target=\"\\\"_blank\\\"\" rel=\"\\\"noopener\\\"\">Family Hotel Ambassador, Ko\u0161ice<\/a><\/span><\/p>\n<\/div>","protected":false},"excerpt":{"rendered":"<p>\u00a0\u00a0\u00a0 DISA 2018 will take place at the\u00a0Campus of the Technical University of Ko\u0161ice, Slovakia. Technical University of Ko\u0161ice has over 9,500 students and 9 faculties and is an important part of the city\u2019s social, cultural and scientific life. The Technical University of Ko\u0161ice was founded in 1952, but its roots must be sought much [&hellip;]<\/p>","protected":false},"author":5,"featured_media":0,"parent":0,"menu_order":0,"comment_status":"closed","ping_status":"closed","template":"","meta":{"_monsterinsights_skip_tracking":false,"_monsterinsights_sitenote_active":false,"_monsterinsights_sitenote_note":"","_monsterinsights_sitenote_category":0},"_links":{"self":[{"href":"https:\/\/aislovakia.com\/en\/wp-json\/wp\/v2\/pages\/291"}],"collection":[{"href":"https:\/\/aislovakia.com\/en\/wp-json\/wp\/v2\/pages"}],"about":[{"href":"https:\/\/aislovakia.com\/en\/wp-json\/wp\/v2\/types\/page"}],"author":[{"embeddable":true,"href":"https:\/\/aislovakia.com\/en\/wp-json\/wp\/v2\/users\/5"}],"replies":[{"embeddable":true,"href":"https:\/\/aislovakia.com\/en\/wp-json\/wp\/v2\/comments?post=291"}],"version-history":[{"count":0,"href":"https:\/\/aislovakia.com\/en\/wp-json\/wp\/v2\/pages\/291\/revisions"}],"wp:attachment":[{"href":"https:\/\/aislovakia.com\/en\/wp-json\/wp\/v2\/media?parent=291"}],"curies":[{"name":"wp","href":"https:\/\/api.w.org\/{rel}","templated":true}]}}