{"id":3373,"date":"2023-03-16T14:14:50","date_gmt":"2023-03-16T13:14:50","guid":{"rendered":"https:\/\/aislovakia.com\/?page_id=3373"},"modified":"2024-10-20T17:08:22","modified_gmt":"2024-10-20T15:08:22","slug":"aktuality-2","status":"publish","type":"page","link":"https:\/\/aislovakia.com\/en\/aktuality-2\/","title":{"rendered":"News"},"content":{"rendered":"<div data-elementor-type=\"wp-page\" data-elementor-id=\"3373\" class=\"elementor elementor-3373\">\n\t\t\t\t\t\t<section class=\"elementor-section elementor-top-section elementor-element elementor-element-375c5ae elementor-section-boxed elementor-section-height-default elementor-section-height-default\" data-id=\"375c5ae\" data-element_type=\"section\">\n\t\t\t\t\t\t<div class=\"elementor-container elementor-column-gap-default\">\n\t\t\t\t\t<div class=\"elementor-column elementor-col-100 elementor-top-column elementor-element elementor-element-8867d57\" data-id=\"8867d57\" data-element_type=\"column\">\n\t\t\t<div class=\"elementor-widget-wrap elementor-element-populated\">\n\t\t\t\t\t\t<div class=\"elementor-element elementor-element-f15fd99 elementor-widget elementor-widget-ucaddon_post_blocks\" data-id=\"f15fd99\" data-element_type=\"widget\" data-widget_type=\"ucaddon_post_blocks.default\">\n\t\t\t\t<div class=\"elementor-widget-container\">\n\t\t\t<!-- start Post Blocks -->\n\t\t<link id='font-awesome-css' href='https:\/\/aislovakia.com\/wp-content\/plugins\/unlimited-elements-for-elementor\/assets_libraries\/font-awesome5\/css\/fontawesome-all.min.css' type='text\/css' rel='stylesheet' >\n\t\t<link id='font-awesome-4-shim-css' href='https:\/\/aislovakia.com\/wp-content\/plugins\/unlimited-elements-for-elementor\/assets_libraries\/font-awesome5\/css\/fontawesome-v4-shims.css' type='text\/css' rel='stylesheet' >\n\n\t\t\t<style type=\"text\/css\">\/* widget: Post Blocks *\/\n\n\n\n#uc_post_blocks_elementor_f15fd99 {\n    display:grid;\n}\n#uc_post_blocks_elementor_f15fd99 .ue_post_blocks_box\n{\n  overflow:hidden;\n}\n\n#uc_post_blocks_elementor_f15fd99 .ue_post_blocks_image\n{\n  overflow:hidden;\n}\n#uc_post_blocks_elementor_f15fd99 .ue_post_blocks_image img\n{\n  object-fit: cover;\n  object-position:center center;\n  width:100%;\n  display:block;\n}\n#uc_post_blocks_elementor_f15fd99 .ue_post_blocks_link a\n{\n  display:inline-block;\n  text-decoration:none;\n  text-align:center;\n}\n\n #uc_post_blocks_elementor_f15fd99 .ue_post_blocks_box img\n{\n  transition:0.5s;\n}\n #uc_post_blocks_elementor_f15fd99 .ue_post_blocks_box:hover img\n{\n  transform:scale(1.1,1.1);\n}\n\n\n\n\n#uc_post_blocks_elementor_f15fd99 .ue-grid-item-meta-data\n{\n  display:inlin-flex;\n  flex-wrap: wrap;\n}\n\n.ue-grid-item-meta-data\n{\n  font-size:12px;\n}\n\n#uc_post_blocks_elementor_f15fd99 .ue-grid-item-meta-data-icon\n{\n  line-height:1em;\n}\n\n#uc_post_blocks_elementor_f15fd99 .ue-grid-item-meta-data-icon svg\n{\n  width:1em;\n  height:1em;\n}\n\n\n.ue-grid-item-category a\n{\n  display:inline-block;\n  font-size:10px;\n  text-transform:uppercase;\n}\n\n<\/style>\n\n\t\t\t<div id=\"uc_post_blocks_elementor_f15fd99\" class=\"ue_post_blocks uc-items-wrapper\" >\n    <div class=\"ue_post_blocks_box\">\n    <div class=\"ue_post_blocks_image\">\n    <a href=\"https:\/\/aislovakia.com\/en\/ai-workshopy-v-zdravotnickom-odvetvi-uz-5-12-2024\/\" style=\"display:block;\"><img loading=\"lazy\" decoding=\"async\" src=\"https:\/\/aislovakia.com\/wp-content\/uploads\/2024\/11\/20241205-workshopy.png\"  alt=\"20241205-workshopy\" width=\"706\" height=\"1000\"><\/a>\n  <\/div>\n    <div class=\"ue_post_blocks_content\">\n      \n     \n         \n    <div class=\"ue_post_blocks_title\"><a href=\"https:\/\/aislovakia.com\/en\/ai-workshopy-v-zdravotnickom-odvetvi-uz-5-12-2024\/\">AI workshopy v zdravotn\u00edckom odvetv\u00ed u\u017e 5.12.2024<\/a><\/div>    \n        \n    \n    <div class=\"ue_post_blocks_text\">Radi by sme V\u00e1s v spolupr\u00e1ci s projektom HealthHUB pozvali na \u010fal\u0161ie zauj\u00edmav\u00e9 vzdel\u00e1vacie workshopy...<\/div>    <div class=\"ue_post_blocks_link\"><a href=\"https:\/\/aislovakia.com\/en\/ai-workshopy-v-zdravotnickom-odvetvi-uz-5-12-2024\/\" class=\"\">\u010c\u00edta\u0165 viac <\/a><\/div>  <\/div>\n<\/div>\n<div class=\"ue_post_blocks_box\">\n    <div class=\"ue_post_blocks_image\">\n    <a href=\"https:\/\/aislovakia.com\/en\/itapa-ai-12-december-2024\/\" style=\"display:block;\"><img loading=\"lazy\" decoding=\"async\" src=\"https:\/\/aislovakia.com\/wp-content\/uploads\/2024\/11\/ITAPA-AI-2024-banner.jpg\"  alt=\"ITAPA-AI-2024-banner\" width=\"480\" height=\"206\"><\/a>\n  <\/div>\n    <div class=\"ue_post_blocks_content\">\n      \n     \n         \n    <div class=\"ue_post_blocks_title\"><a href=\"https:\/\/aislovakia.com\/en\/itapa-ai-12-december-2024\/\">ITAPA AI 12. december 2024<\/a><\/div>    \n        \n    \n    <div class=\"ue_post_blocks_text\">Poz\u00fdvame V\u00e1s na druh\u00fa ed\u00edciou ve\u013emi \u00faspe\u0161nej marcovej konferencie ITAPA AI zameranej na t\u00e9my vyu\u017e\u00edvania...<\/div>    <div class=\"ue_post_blocks_link\"><a href=\"https:\/\/aislovakia.com\/en\/itapa-ai-12-december-2024\/\" class=\"\">\u010c\u00edta\u0165 viac <\/a><\/div>  <\/div>\n<\/div>\n<div class=\"ue_post_blocks_box\">\n    <div class=\"ue_post_blocks_image\">\n    <a href=\"https:\/\/aislovakia.com\/en\/jesenna-itapa-25-28-november-2024\/\" style=\"display:block;\"><img loading=\"lazy\" decoding=\"async\" src=\"https:\/\/aislovakia.com\/wp-content\/uploads\/2024\/11\/Jesenna-ITAPA-2024-banner.jpg\"  alt=\"Jesenna-ITAPA-2024-banner\" width=\"480\" height=\"206\"><\/a>\n  <\/div>\n    <div class=\"ue_post_blocks_content\">\n      \n     \n         \n    <div class=\"ue_post_blocks_title\"><a href=\"https:\/\/aislovakia.com\/en\/jesenna-itapa-25-28-november-2024\/\">Jesenn\u00e1 ITAPA 25. - 28. november 2024<\/a><\/div>    \n        \n    \n    <div class=\"ue_post_blocks_text\">Poz\u00fdvame V\u00e1s na konferenciu Jesenn\u00e1 ITAPA 2024, ktor\u00e1 sa uskuto\u010dn\u00ed 25. &#8211; 28. 11. 2024 v Hoteli...<\/div>    <div class=\"ue_post_blocks_link\"><a href=\"https:\/\/aislovakia.com\/en\/jesenna-itapa-25-28-november-2024\/\" class=\"\">\u010c\u00edta\u0165 viac <\/a><\/div>  <\/div>\n<\/div>\n<div class=\"ue_post_blocks_box\">\n    <div class=\"ue_post_blocks_image\">\n    <a href=\"https:\/\/aislovakia.com\/en\/extrapolacie-2024-konferencia-umela-inteligencia-pociatky-sucasnost-a-buducnost\/\" style=\"display:block;\"><img loading=\"lazy\" decoding=\"async\" src=\"https:\/\/aislovakia.com\/wp-content\/uploads\/2024\/11\/Extrapolacie-2024-1024x1024.png\"  alt=\"Extrapolacie-2024\" width=\"1024\" height=\"1024\"><\/a>\n  <\/div>\n    <div class=\"ue_post_blocks_content\">\n      \n     \n         \n    <div class=\"ue_post_blocks_title\"><a href=\"https:\/\/aislovakia.com\/en\/extrapolacie-2024-konferencia-umela-inteligencia-pociatky-sucasnost-a-buducnost\/\">Extrapol\u00e1cie 2024 - konferencia Umel\u00e1 inteligencia \u2013 po\u010diatky, s\u00fa\u010dasnos\u0165 a bud\u00facnos\u0165<\/a><\/div>    \n        \n    \n    <div class=\"ue_post_blocks_text\">Poz\u00fdvame V\u00e1s na jednod\u0148ov\u00fa konferenciu, ktor\u00e1 sa bude kona\u0165 21. 11. 2024 (vo \u0161tvrtok) na Fakulte informatiky...<\/div>    <div class=\"ue_post_blocks_link\"><a href=\"https:\/\/aislovakia.com\/en\/extrapolacie-2024-konferencia-umela-inteligencia-pociatky-sucasnost-a-buducnost\/\" class=\"\">\u010c\u00edta\u0165 viac <\/a><\/div>  <\/div>\n<\/div>\n<div class=\"ue_post_blocks_box\">\n    <div class=\"ue_post_blocks_image\">\n    <a href=\"https:\/\/aislovakia.com\/en\/ai-workshopy-v-zdravotnictve-25-oktobra-v-bratislave\/\" style=\"display:block;\"><img loading=\"lazy\" decoding=\"async\" src=\"https:\/\/aislovakia.com\/wp-content\/uploads\/2024\/10\/pozvanka-25.10-723x1024.png\"  alt=\"pozv\u00e1nka 25\" width=\"723\" height=\"1024\"><\/a>\n  <\/div>\n    <div class=\"ue_post_blocks_content\">\n      \n     \n         \n    <div class=\"ue_post_blocks_title\"><a href=\"https:\/\/aislovakia.com\/en\/ai-workshopy-v-zdravotnictve-25-oktobra-v-bratislave\/\">AI workshopy v zdravotn\u00edctve: 25. okt\u00f3bra v Bratislave<\/a><\/div>    \n        \n    \n    <div class=\"ue_post_blocks_text\">U\u017e onedlho n\u00e1s \u010dakaj\u00fa v spolupr\u00e1ci s projektom HealthHub \u010fal\u0161ie 2 vzdel\u00e1vacie workshopy venovan\u00e9 umelej...<\/div>    <div class=\"ue_post_blocks_link\"><a href=\"https:\/\/aislovakia.com\/en\/ai-workshopy-v-zdravotnictve-25-oktobra-v-bratislave\/\" class=\"\">\u010c\u00edta\u0165 viac <\/a><\/div>  <\/div>\n<\/div>\n<div class=\"ue_post_blocks_box\">\n    <div class=\"ue_post_blocks_image\">\n    <a href=\"https:\/\/aislovakia.com\/en\/24-hodin-na-slovakiatech\/\" style=\"display:block;\"><img loading=\"lazy\" decoding=\"async\" src=\"https:\/\/aislovakia.com\/wp-content\/uploads\/2024\/10\/shot-by-ZETAK-0103_ZET2329-24-09-25-1024x683.jpg\"  alt=\"matuszetak\" width=\"1024\" height=\"683\"><\/a>\n  <\/div>\n    <div class=\"ue_post_blocks_content\">\n      \n     \n         \n    <div class=\"ue_post_blocks_title\"><a href=\"https:\/\/aislovakia.com\/en\/24-hodin-na-slovakiatech\/\">24 hod\u00edn na SlovakiaTECH<\/a><\/div>    \n        \n    \n    <div class=\"ue_post_blocks_text\">V d\u0148och 24.-25.9.2024 sa AIslovakIA z\u00fa\u010dastnila na najv\u00e4\u010d\u0161ej technologickej konferencii SlovakiaTECH v...<\/div>    <div class=\"ue_post_blocks_link\"><a href=\"https:\/\/aislovakia.com\/en\/24-hodin-na-slovakiatech\/\" class=\"\">\u010c\u00edta\u0165 viac <\/a><\/div>  <\/div>\n<\/div>\n<div class=\"ue_post_blocks_box\">\n    <div class=\"ue_post_blocks_image\">\n    <a href=\"https:\/\/aislovakia.com\/en\/workshopy-ai-v-marketingu-reklame-a-pr\/\" style=\"display:block;\"><img loading=\"lazy\" decoding=\"async\" src=\"https:\/\/aislovakia.com\/wp-content\/uploads\/2024\/09\/AIslovakIA-Workshop1-11092024-Uvod-do-generativnej-AI-v-zdravotnickom-odvetvi-807x1024.jpg\"  alt=\"AIslovakIA-Workshop1-11092024-Uvod-do-generativnej-AI-v-zdravotnickom-odvetvi\" width=\"807\" height=\"1024\"><\/a>\n  <\/div>\n    <div class=\"ue_post_blocks_content\">\n      \n     \n         \n    <div class=\"ue_post_blocks_title\"><a href=\"https:\/\/aislovakia.com\/en\/workshopy-ai-v-marketingu-reklame-a-pr\/\">Workshopy AI v zdravotn\u00edckom odvetv\u00ed<\/a><\/div>    \n        \n    \n    <div class=\"ue_post_blocks_text\">Mesiac september sa bude nies\u0165 v znamen\u00ed marketingu, reklamy a PR. V spolupr\u00e1ci s projektom HealhHub...<\/div>    <div class=\"ue_post_blocks_link\"><a href=\"https:\/\/aislovakia.com\/en\/workshopy-ai-v-marketingu-reklame-a-pr\/\" class=\"\">\u010c\u00edta\u0165 viac <\/a><\/div>  <\/div>\n<\/div>\n<div class=\"ue_post_blocks_box\">\n    <div class=\"ue_post_blocks_image\">\n    <a href=\"https:\/\/aislovakia.com\/en\/ai-a-nedostatok-pracovnej-sily-pomoze-umela-inteligencia-v-zdravotnictve\/\" style=\"display:block;\"><img loading=\"lazy\" decoding=\"async\" src=\"https:\/\/aislovakia.com\/wp-content\/uploads\/2023\/08\/d3cb6df7-92b9-4928-a8e7-a9688a35d29a_phpiicbic-1024x576.webp\"  alt=\"d3cb6df7-92b9-4928-a8e7-a9688a35d29a_phpiicbic\" width=\"1024\" height=\"576\"><\/a>\n  <\/div>\n    <div class=\"ue_post_blocks_content\">\n      \n     \n         \n    <div class=\"ue_post_blocks_title\"><a href=\"https:\/\/aislovakia.com\/en\/ai-a-nedostatok-pracovnej-sily-pomoze-umela-inteligencia-v-zdravotnictve\/\">AI a nedostatok pracovnej sily: Pom\u00f4\u017ee umel\u00e1 inteligencia v zdravotn\u00edctve?<\/a><\/div>    \n        \n    \n    <div class=\"ue_post_blocks_text\">Pre\u010d\u00edtajte si rozhovor s&nbsp;Gabriel Galgoci&nbsp;(Predseda spr\u00e1vnej rady,&nbsp;AIslovakIA &#8211; National...<\/div>    <div class=\"ue_post_blocks_link\"><a href=\"https:\/\/aislovakia.com\/en\/ai-a-nedostatok-pracovnej-sily-pomoze-umela-inteligencia-v-zdravotnictve\/\" class=\"\">\u010c\u00edta\u0165 viac <\/a><\/div>  <\/div>\n<\/div>\n<div class=\"ue_post_blocks_box\">\n    <div class=\"ue_post_blocks_image\">\n    <a href=\"https:\/\/aislovakia.com\/en\/ai-klinika-zdravotnictvo-2\/\" style=\"display:block;\"><img loading=\"lazy\" decoding=\"async\" src=\"https:\/\/aislovakia.com\/wp-content\/uploads\/2023\/03\/AI-klinika-pozvanka-3_page-0001-e1684752761340-1024x680.jpg\"  alt=\"AI-klinika-pozvanka-3_page-0001\" width=\"1024\" height=\"680\"><\/a>\n  <\/div>\n    <div class=\"ue_post_blocks_content\">\n      \n     \n         \n    <div class=\"ue_post_blocks_title\"><a href=\"https:\/\/aislovakia.com\/en\/ai-klinika-zdravotnictvo-2\/\">AI-klinika: ZDRAVOTN\u00cdCTVO<\/a><\/div>    \n        \n    \n    <div class=\"ue_post_blocks_text\">Na uskuto\u010dnenom evente, ktor\u00fd sa konal v Martine, s n\u00e1zvom AI-klinika: ZDRAVOTN\u00cdCTVO sa rie\u0161ili zauj\u00edmav\u00e9...<\/div>    <div class=\"ue_post_blocks_link\"><a href=\"https:\/\/aislovakia.com\/en\/ai-klinika-zdravotnictvo-2\/\" class=\"\">\u010c\u00edta\u0165 viac <\/a><\/div>  <\/div>\n<\/div>\n<div class=\"ue_post_blocks_box\">\n    <div class=\"ue_post_blocks_image\">\n    <a href=\"https:\/\/aislovakia.com\/en\/ai-klinika-zdravotnictvo-program\/\" style=\"display:block;\"><img loading=\"lazy\" decoding=\"async\" src=\"https:\/\/aislovakia.com\/wp-content\/uploads\/2023\/04\/upravene_AI_page-0001-791x1024.jpg\"  alt=\"upravene_AI_page-0001\" width=\"791\" height=\"1024\"><\/a>\n  <\/div>\n    <div class=\"ue_post_blocks_content\">\n      \n     \n         \n    <div class=\"ue_post_blocks_title\"><a href=\"https:\/\/aislovakia.com\/en\/ai-klinika-zdravotnictvo-program\/\">AI-klinika: ZDRAVOTN\u00cdCTVO - program<\/a><\/div>    \n        \n    \n    <div class=\"ue_post_blocks_text\">Poz\u00fdvame V\u00e1s na jedine\u010dn\u00e9 podujatie, ktor\u00e9 organizuje \ud835\ude3c\ud835\ude44\ud835\ude68\ud835\ude61\ud835\ude64\ud835\ude6b\ud835\ude56\ud835\ude60\ud835\ude44\ud835\ude3c &#8211; \ud835\ude49\ud835\ude56\u0301\ud835\ude67\ud835\ude64\ud835\ude59\ud835\ude63\ud835\ude56\u0301 \ud835\ude65\ud835\ude61\ud835\ude56\ud835\ude69\ud835\ude5b\ud835\ude64\ud835\ude67\ud835\ude62\ud835\ude56 \ud835\ude65\ud835\ude67\ud835\ude5a \ud835\ude67\ud835\ude64\ud835\ude6f\ud835\ude6b\ud835\ude64\ud835\ude5f...<\/div>    <div class=\"ue_post_blocks_link\"><a href=\"https:\/\/aislovakia.com\/en\/ai-klinika-zdravotnictvo-program\/\" class=\"\">\u010c\u00edta\u0165 viac <\/a><\/div>  <\/div>\n<\/div>\n\n<\/div>\n\t\t\t<!-- end Post Blocks --><div class='uc-posts-pagination'><span aria-current=\"page\" class=\"page-numbers current\">1<\/span>\n<a class=\"page-numbers\" href=\"https:\/\/aislovakia.com\/en\/aktuality-2\/2\/\">2<\/a>\n<a class=\"page-numbers\" href=\"https:\/\/aislovakia.com\/en\/aktuality-2\/3\/\">3<\/a><\/div>\t\t<\/div>\n\t\t\t\t<\/div>\n\t\t\t\t\t<\/div>\n\t\t<\/div>\n\t\t\t\t\t<\/div>\n\t\t<\/section>\n\t\t\t\t<\/div>","protected":false},"excerpt":{"rendered":"<p>AI workshopy v zdravotn\u00edctve: 25. okt\u00f3bra v Bratislave U\u017e onedlho n\u00e1s \u010dakaj\u00fa v spolupr\u00e1ci s projektom HealthHub \u010fal\u0161ie 2 vzdel\u00e1vacie workshopy venovan\u00e9 umelej&#8230; \u010c\u00edta\u0165 viac 24 hod\u00edn na SlovakiaTECH V d\u0148och 24.-25.9.2024 sa AIslovakIA z\u00fa\u010dastnila na najv\u00e4\u010d\u0161ej technologickej konferencii SlovakiaTECH v&#8230; \u010c\u00edta\u0165 viac Workshopy AI v zdravotn\u00edckom odvetv\u00ed Mesiac september sa bude nies\u0165 v znamen\u00ed [&hellip;]<\/p>","protected":false},"author":4,"featured_media":0,"parent":0,"menu_order":0,"comment_status":"closed","ping_status":"closed","template":"elementor_theme","meta":{"_monsterinsights_skip_tracking":false,"_monsterinsights_sitenote_active":false,"_monsterinsights_sitenote_note":"","_monsterinsights_sitenote_category":0},"_links":{"self":[{"href":"https:\/\/aislovakia.com\/en\/wp-json\/wp\/v2\/pages\/3373"}],"collection":[{"href":"https:\/\/aislovakia.com\/en\/wp-json\/wp\/v2\/pages"}],"about":[{"href":"https:\/\/aislovakia.com\/en\/wp-json\/wp\/v2\/types\/page"}],"author":[{"embeddable":true,"href":"https:\/\/aislovakia.com\/en\/wp-json\/wp\/v2\/users\/4"}],"replies":[{"embeddable":true,"href":"https:\/\/aislovakia.com\/en\/wp-json\/wp\/v2\/comments?post=3373"}],"version-history":[{"count":7,"href":"https:\/\/aislovakia.com\/en\/wp-json\/wp\/v2\/pages\/3373\/revisions"}],"predecessor-version":[{"id":3934,"href":"https:\/\/aislovakia.com\/en\/wp-json\/wp\/v2\/pages\/3373\/revisions\/3934"}],"wp:attachment":[{"href":"https:\/\/aislovakia.com\/en\/wp-json\/wp\/v2\/media?parent=3373"}],"curies":[{"name":"wp","href":"https:\/\/api.w.org\/{rel}","templated":true}]}}