{"id":3412,"date":"2023-03-16T19:26:38","date_gmt":"2023-03-16T18:26:38","guid":{"rendered":"https:\/\/aislovakia.com\/?page_id=3412"},"modified":"2025-06-11T02:09:56","modified_gmt":"2025-06-11T00:09:56","slug":"eventy","status":"publish","type":"page","link":"https:\/\/aislovakia.com\/en\/eventy\/","title":{"rendered":"Eventy"},"content":{"rendered":"<div data-elementor-type=\"wp-page\" data-elementor-id=\"3412\" class=\"elementor elementor-3412\">\n\t\t\t\t\t\t<section class=\"elementor-section elementor-top-section elementor-element elementor-element-c380620 elementor-section-boxed elementor-section-height-default elementor-section-height-default\" data-id=\"c380620\" data-element_type=\"section\">\n\t\t\t\t\t\t<div class=\"elementor-container elementor-column-gap-default\">\n\t\t\t\t\t<div class=\"elementor-column elementor-col-100 elementor-top-column elementor-element elementor-element-83c8c12\" data-id=\"83c8c12\" data-element_type=\"column\">\n\t\t\t<div class=\"elementor-widget-wrap elementor-element-populated\">\n\t\t\t\t\t\t<div class=\"elementor-element elementor-element-5dab69e elementor-widget elementor-widget-heading\" data-id=\"5dab69e\" data-element_type=\"widget\" data-widget_type=\"heading.default\">\n\t\t\t\t<div class=\"elementor-widget-container\">\n\t\t\t<h3 class=\"elementor-heading-title elementor-size-default\">Pripravovan\u00e9 eventy<\/h3>\t\t<\/div>\n\t\t\t\t<\/div>\n\t\t\t\t<div class=\"elementor-element elementor-element-4105982 elementor-widget elementor-widget-ucaddon_post_blocks\" data-id=\"4105982\" data-element_type=\"widget\" data-widget_type=\"ucaddon_post_blocks.default\">\n\t\t\t\t<div class=\"elementor-widget-container\">\n\t\t\t<!-- start Post Blocks -->\n\t\t<link id='font-awesome-css' href='https:\/\/aislovakia.com\/wp-content\/plugins\/unlimited-elements-for-elementor\/assets_libraries\/font-awesome5\/css\/fontawesome-all.min.css' type='text\/css' rel='stylesheet' >\n\t\t<link id='font-awesome-4-shim-css' href='https:\/\/aislovakia.com\/wp-content\/plugins\/unlimited-elements-for-elementor\/assets_libraries\/font-awesome5\/css\/fontawesome-v4-shims.css' type='text\/css' rel='stylesheet' >\n\n\t\t\t<style type=\"text\/css\">\/* widget: Post Blocks *\/\n\n\n\n#uc_post_blocks_elementor_4105982 {\n    display:grid;\n}\n#uc_post_blocks_elementor_4105982 .ue_post_blocks_box\n{\n  overflow:hidden;\n}\n\n#uc_post_blocks_elementor_4105982 .ue_post_blocks_image\n{\n  overflow:hidden;\n}\n#uc_post_blocks_elementor_4105982 .ue_post_blocks_image img\n{\n  object-fit: cover;\n  object-position:center center;\n  width:100%;\n  display:block;\n}\n#uc_post_blocks_elementor_4105982 .ue_post_blocks_link a\n{\n  display:inline-block;\n  text-decoration:none;\n  text-align:center;\n}\n\n #uc_post_blocks_elementor_4105982 .ue_post_blocks_box img\n{\n  transition:0.5s;\n}\n #uc_post_blocks_elementor_4105982 .ue_post_blocks_box:hover img\n{\n  transform:scale(1.1,1.1);\n}\n\n\n\n\n#uc_post_blocks_elementor_4105982 .ue-grid-item-meta-data\n{\n  display:inlin-flex;\n  flex-wrap: wrap;\n}\n\n.ue-grid-item-meta-data\n{\n  font-size:12px;\n}\n\n#uc_post_blocks_elementor_4105982 .ue-grid-item-meta-data-icon\n{\n  line-height:1em;\n}\n\n#uc_post_blocks_elementor_4105982 .ue-grid-item-meta-data-icon svg\n{\n  width:1em;\n  height:1em;\n}\n\n\n.ue-grid-item-category a\n{\n  display:inline-block;\n  font-size:10px;\n  text-transform:uppercase;\n}\n\n<\/style>\n\n\t\t\t<div id=\"uc_post_blocks_elementor_4105982\" class=\"ue_post_blocks uc-items-wrapper\" >\n    \n<\/div>\n\t\t\t<!-- end Post Blocks -->\t\t<\/div>\n\t\t\t\t<\/div>\n\t\t\t\t\t<\/div>\n\t\t<\/div>\n\t\t\t\t\t<\/div>\n\t\t<\/section>\n\t\t\t\t<section class=\"elementor-section elementor-top-section elementor-element elementor-element-65af36d elementor-section-boxed elementor-section-height-default elementor-section-height-default\" data-id=\"65af36d\" data-element_type=\"section\">\n\t\t\t\t\t\t<div class=\"elementor-container elementor-column-gap-default\">\n\t\t\t\t\t<div class=\"elementor-column elementor-col-100 elementor-top-column elementor-element elementor-element-bd614f0\" data-id=\"bd614f0\" data-element_type=\"column\">\n\t\t\t<div class=\"elementor-widget-wrap elementor-element-populated\">\n\t\t\t\t\t\t<div class=\"elementor-element elementor-element-3c4548b elementor-widget-divider--view-line elementor-widget elementor-widget-divider\" data-id=\"3c4548b\" data-element_type=\"widget\" data-widget_type=\"divider.default\">\n\t\t\t\t<div class=\"elementor-widget-container\">\n\t\t\t\t\t<div class=\"elementor-divider\">\n\t\t\t<span class=\"elementor-divider-separator\">\n\t\t\t\t\t\t<\/span>\n\t\t<\/div>\n\t\t\t\t<\/div>\n\t\t\t\t<\/div>\n\t\t\t\t<div class=\"elementor-element elementor-element-9717056 elementor-widget elementor-widget-heading\" data-id=\"9717056\" data-element_type=\"widget\" data-widget_type=\"heading.default\">\n\t\t\t\t<div class=\"elementor-widget-container\">\n\t\t\t<h3 class=\"elementor-heading-title elementor-size-default\">Uskuto\u010dnen\u00e9 eventy<\/h3>\t\t<\/div>\n\t\t\t\t<\/div>\n\t\t\t\t<div class=\"elementor-element elementor-element-1c45222 elementor-widget elementor-widget-ucaddon_post_blocks\" data-id=\"1c45222\" data-element_type=\"widget\" data-widget_type=\"ucaddon_post_blocks.default\">\n\t\t\t\t<div class=\"elementor-widget-container\">\n\t\t\t<!-- start Post Blocks -->\n\n\t\t\t<style type=\"text\/css\">\/* widget: Post Blocks *\/\n\n\n\n#uc_post_blocks_elementor_1c45222 {\n    display:grid;\n}\n#uc_post_blocks_elementor_1c45222 .ue_post_blocks_box\n{\n  overflow:hidden;\n}\n\n#uc_post_blocks_elementor_1c45222 .ue_post_blocks_image\n{\n  overflow:hidden;\n}\n#uc_post_blocks_elementor_1c45222 .ue_post_blocks_image img\n{\n  object-fit: cover;\n  object-position:center center;\n  width:100%;\n  display:block;\n}\n#uc_post_blocks_elementor_1c45222 .ue_post_blocks_link a\n{\n  display:inline-block;\n  text-decoration:none;\n  text-align:center;\n}\n\n #uc_post_blocks_elementor_1c45222 .ue_post_blocks_box img\n{\n  transition:0.5s;\n}\n #uc_post_blocks_elementor_1c45222 .ue_post_blocks_box:hover img\n{\n  transform:scale(1.1,1.1);\n}\n\n\n\n\n#uc_post_blocks_elementor_1c45222 .ue-grid-item-meta-data\n{\n  display:inlin-flex;\n  flex-wrap: wrap;\n}\n\n.ue-grid-item-meta-data\n{\n  font-size:12px;\n}\n\n#uc_post_blocks_elementor_1c45222 .ue-grid-item-meta-data-icon\n{\n  line-height:1em;\n}\n\n#uc_post_blocks_elementor_1c45222 .ue-grid-item-meta-data-icon svg\n{\n  width:1em;\n  height:1em;\n}\n\n\n.ue-grid-item-category a\n{\n  display:inline-block;\n  font-size:10px;\n  text-transform:uppercase;\n}\n\n<\/style>\n\n\t\t\t<div id=\"uc_post_blocks_elementor_1c45222\" class=\"ue_post_blocks uc-items-wrapper\" >\n    <div class=\"ue_post_blocks_box\">\n    <div class=\"ue_post_blocks_image\">\n    <a href=\"https:\/\/aislovakia.com\/en\/ai-workshopy-v-zdravotnickom-odvetvi-uz-5-12-2024\/\" style=\"display:block;\"><img loading=\"lazy\" decoding=\"async\" src=\"https:\/\/aislovakia.com\/wp-content\/uploads\/2024\/11\/20241205-workshopy.png\"  alt=\"20241205-workshopy\" width=\"706\" height=\"1000\"><\/a>\n  <\/div>\n    <div class=\"ue_post_blocks_content\">\n      \n     \n         \n    <div class=\"ue_post_blocks_title\"><a href=\"https:\/\/aislovakia.com\/en\/ai-workshopy-v-zdravotnickom-odvetvi-uz-5-12-2024\/\">AI workshopy v zdravotn\u00edckom odvetv\u00ed u\u017e 5.12.2024<\/a><\/div>    \n        \n    \n    <div class=\"ue_post_blocks_text\">Radi by sme V\u00e1s v spolupr\u00e1ci s projektom HealthHUB pozvali na \u010fal\u0161ie zauj\u00edmav\u00e9 vzdel\u00e1vacie workshopy...<\/div>    <div class=\"ue_post_blocks_link\"><a href=\"https:\/\/aislovakia.com\/en\/ai-workshopy-v-zdravotnickom-odvetvi-uz-5-12-2024\/\" class=\"\">\u010c\u00edta\u0165 viac<\/a><\/div>  <\/div>\n<\/div>\n<div class=\"ue_post_blocks_box\">\n    <div class=\"ue_post_blocks_image\">\n    <a href=\"https:\/\/aislovakia.com\/en\/itapa-ai-12-december-2024\/\" style=\"display:block;\"><img loading=\"lazy\" decoding=\"async\" src=\"https:\/\/aislovakia.com\/wp-content\/uploads\/2024\/11\/ITAPA-AI-2024-banner.jpg\"  alt=\"ITAPA-AI-2024-banner\" width=\"480\" height=\"206\"><\/a>\n  <\/div>\n    <div class=\"ue_post_blocks_content\">\n      \n     \n         \n    <div class=\"ue_post_blocks_title\"><a href=\"https:\/\/aislovakia.com\/en\/itapa-ai-12-december-2024\/\">ITAPA AI 12. december 2024<\/a><\/div>    \n        \n    \n    <div class=\"ue_post_blocks_text\">Poz\u00fdvame V\u00e1s na druh\u00fa ed\u00edciou ve\u013emi \u00faspe\u0161nej marcovej konferencie ITAPA AI zameranej na t\u00e9my vyu\u017e\u00edvania...<\/div>    <div class=\"ue_post_blocks_link\"><a href=\"https:\/\/aislovakia.com\/en\/itapa-ai-12-december-2024\/\" class=\"\">\u010c\u00edta\u0165 viac<\/a><\/div>  <\/div>\n<\/div>\n<div class=\"ue_post_blocks_box\">\n    <div class=\"ue_post_blocks_image\">\n    <a href=\"https:\/\/aislovakia.com\/en\/jesenna-itapa-25-28-november-2024\/\" style=\"display:block;\"><img loading=\"lazy\" decoding=\"async\" src=\"https:\/\/aislovakia.com\/wp-content\/uploads\/2024\/11\/Jesenna-ITAPA-2024-banner.jpg\"  alt=\"Jesenna-ITAPA-2024-banner\" width=\"480\" height=\"206\"><\/a>\n  <\/div>\n    <div class=\"ue_post_blocks_content\">\n      \n     \n         \n    <div class=\"ue_post_blocks_title\"><a href=\"https:\/\/aislovakia.com\/en\/jesenna-itapa-25-28-november-2024\/\">Jesenn\u00e1 ITAPA 25. - 28. november 2024<\/a><\/div>    \n        \n    \n    <div class=\"ue_post_blocks_text\">Poz\u00fdvame V\u00e1s na konferenciu Jesenn\u00e1 ITAPA 2024, ktor\u00e1 sa uskuto\u010dn\u00ed 25. &#8211; 28. 11. 2024 v Hoteli...<\/div>    <div class=\"ue_post_blocks_link\"><a href=\"https:\/\/aislovakia.com\/en\/jesenna-itapa-25-28-november-2024\/\" class=\"\">\u010c\u00edta\u0165 viac<\/a><\/div>  <\/div>\n<\/div>\n<div class=\"ue_post_blocks_box\">\n    <div class=\"ue_post_blocks_image\">\n    <a href=\"https:\/\/aislovakia.com\/en\/extrapolacie-2024-konferencia-umela-inteligencia-pociatky-sucasnost-a-buducnost\/\" style=\"display:block;\"><img loading=\"lazy\" decoding=\"async\" src=\"https:\/\/aislovakia.com\/wp-content\/uploads\/2024\/11\/Extrapolacie-2024-768x768.png\"  alt=\"Extrapolacie-2024\" width=\"768\" height=\"768\"><\/a>\n  <\/div>\n    <div class=\"ue_post_blocks_content\">\n      \n     \n         \n    <div class=\"ue_post_blocks_title\"><a href=\"https:\/\/aislovakia.com\/en\/extrapolacie-2024-konferencia-umela-inteligencia-pociatky-sucasnost-a-buducnost\/\">Extrapol\u00e1cie 2024 - konferencia Umel\u00e1 inteligencia \u2013 po\u010diatky, s\u00fa\u010dasnos\u0165 a bud\u00facnos\u0165<\/a><\/div>    \n        \n    \n    <div class=\"ue_post_blocks_text\">Poz\u00fdvame V\u00e1s na jednod\u0148ov\u00fa konferenciu, ktor\u00e1 sa bude kona\u0165 21. 11. 2024 (vo \u0161tvrtok) na Fakulte informatiky...<\/div>    <div class=\"ue_post_blocks_link\"><a href=\"https:\/\/aislovakia.com\/en\/extrapolacie-2024-konferencia-umela-inteligencia-pociatky-sucasnost-a-buducnost\/\" class=\"\">\u010c\u00edta\u0165 viac<\/a><\/div>  <\/div>\n<\/div>\n<div class=\"ue_post_blocks_box\">\n    <div class=\"ue_post_blocks_image\">\n    <a href=\"https:\/\/aislovakia.com\/en\/24-hodin-na-slovakiatech\/\" style=\"display:block;\"><img loading=\"lazy\" decoding=\"async\" src=\"https:\/\/aislovakia.com\/wp-content\/uploads\/2024\/10\/shot-by-ZETAK-0103_ZET2329-24-09-25-768x512.jpg\"  alt=\"matuszetak\" width=\"768\" height=\"512\"><\/a>\n  <\/div>\n    <div class=\"ue_post_blocks_content\">\n      \n     \n         \n    <div class=\"ue_post_blocks_title\"><a href=\"https:\/\/aislovakia.com\/en\/24-hodin-na-slovakiatech\/\">24 hod\u00edn na SlovakiaTECH<\/a><\/div>    \n        \n    \n    <div class=\"ue_post_blocks_text\">V d\u0148och 24.-25.9.2024 sa AIslovakIA z\u00fa\u010dastnila na najv\u00e4\u010d\u0161ej technologickej konferencii SlovakiaTECH v...<\/div>    <div class=\"ue_post_blocks_link\"><a href=\"https:\/\/aislovakia.com\/en\/24-hodin-na-slovakiatech\/\" class=\"\">\u010c\u00edta\u0165 viac<\/a><\/div>  <\/div>\n<\/div>\n<div class=\"ue_post_blocks_box\">\n    <div class=\"ue_post_blocks_image\">\n    <a href=\"https:\/\/aislovakia.com\/en\/workshopy-ai-v-marketingu-reklame-a-pr\/\" style=\"display:block;\"><img loading=\"lazy\" decoding=\"async\" src=\"https:\/\/aislovakia.com\/wp-content\/uploads\/2024\/09\/AIslovakIA-Workshop1-11092024-Uvod-do-generativnej-AI-v-zdravotnickom-odvetvi-768x975.jpg\"  alt=\"AIslovakIA-Workshop1-11092024-Uvod-do-generativnej-AI-v-zdravotnickom-odvetvi\" width=\"768\" height=\"975\"><\/a>\n  <\/div>\n    <div class=\"ue_post_blocks_content\">\n      \n     \n         \n    <div class=\"ue_post_blocks_title\"><a href=\"https:\/\/aislovakia.com\/en\/workshopy-ai-v-marketingu-reklame-a-pr\/\">Workshopy AI v zdravotn\u00edckom odvetv\u00ed<\/a><\/div>    \n        \n    \n    <div class=\"ue_post_blocks_text\">Mesiac september sa bude nies\u0165 v znamen\u00ed marketingu, reklamy a PR. V spolupr\u00e1ci s projektom HealhHub...<\/div>    <div class=\"ue_post_blocks_link\"><a href=\"https:\/\/aislovakia.com\/en\/workshopy-ai-v-marketingu-reklame-a-pr\/\" class=\"\">\u010c\u00edta\u0165 viac<\/a><\/div>  <\/div>\n<\/div>\n<div class=\"ue_post_blocks_box\">\n    <div class=\"ue_post_blocks_image\">\n    <a href=\"https:\/\/aislovakia.com\/en\/ai-klinika-zdravotnictvo-program\/\" style=\"display:block;\"><img loading=\"lazy\" decoding=\"async\" src=\"https:\/\/aislovakia.com\/wp-content\/uploads\/2023\/04\/upravene_AI_page-0001-768x994.jpg\"  alt=\"upravene_AI_page-0001\" width=\"768\" height=\"994\"><\/a>\n  <\/div>\n    <div class=\"ue_post_blocks_content\">\n      \n     \n         \n    <div class=\"ue_post_blocks_title\"><a href=\"https:\/\/aislovakia.com\/en\/ai-klinika-zdravotnictvo-program\/\">AI-klinika: ZDRAVOTN\u00cdCTVO - program<\/a><\/div>    \n        \n    \n    <div class=\"ue_post_blocks_text\">Poz\u00fdvame V\u00e1s na jedine\u010dn\u00e9 podujatie, ktor\u00e9 organizuje \ud835\ude3c\ud835\ude44\ud835\ude68\ud835\ude61\ud835\ude64\ud835\ude6b\ud835\ude56\ud835\ude60\ud835\ude44\ud835\ude3c &#8211; \ud835\ude49\ud835\ude56\u0301\ud835\ude67\ud835\ude64\ud835\ude59\ud835\ude63\ud835\ude56\u0301 \ud835\ude65\ud835\ude61\ud835\ude56\ud835\ude69\ud835\ude5b\ud835\ude64\ud835\ude67\ud835\ude62\ud835\ude56 \ud835\ude65\ud835\ude67\ud835\ude5a \ud835\ude67\ud835\ude64\ud835\ude6f\ud835\ude6b\ud835\ude64\ud835\ude5f...<\/div>    <div class=\"ue_post_blocks_link\"><a href=\"https:\/\/aislovakia.com\/en\/ai-klinika-zdravotnictvo-program\/\" class=\"\">\u010c\u00edta\u0165 viac<\/a><\/div>  <\/div>\n<\/div>\n<div class=\"ue_post_blocks_box\">\n    <div class=\"ue_post_blocks_image\">\n    <a href=\"https:\/\/aislovakia.com\/en\/complex-view-on-generative-ai\/\" style=\"display:block;\"><img loading=\"lazy\" decoding=\"async\" src=\"https:\/\/aislovakia.com\/wp-content\/uploads\/2023\/04\/stiahnut-3.png\"  alt=\"stiahnut-3\" width=\"600\" height=\"475\"><\/a>\n  <\/div>\n    <div class=\"ue_post_blocks_content\">\n      \n     \n         \n    <div class=\"ue_post_blocks_title\"><a href=\"https:\/\/aislovakia.com\/en\/complex-view-on-generative-ai\/\">Complex View on Generative AI<\/a><\/div>    \n        \n    \n    <div class=\"ue_post_blocks_text\">Poz\u00fdvame v\u00e1s ako spoluorganiz\u00e1tori podujatia k zauj\u00edmavej diskusii, kde sa dozviete viac o komplexnom...<\/div>    <div class=\"ue_post_blocks_link\"><a href=\"https:\/\/aislovakia.com\/en\/complex-view-on-generative-ai\/\" class=\"\">\u010c\u00edta\u0165 viac<\/a><\/div>  <\/div>\n<\/div>\n<div class=\"ue_post_blocks_box\">\n    <div class=\"ue_post_blocks_image\">\n    <a href=\"https:\/\/aislovakia.com\/en\/letna-skola-strojoveho-ucenia-eeml2023\/\" style=\"display:block;\"><img loading=\"lazy\" decoding=\"async\" src=\"https:\/\/aislovakia.com\/wp-content\/uploads\/2023\/03\/poster-EEML-2023_page-0001-768x1086.jpg\"  alt=\"poster-EEML-2023_page-0001\" width=\"768\" height=\"1086\"><\/a>\n  <\/div>\n    <div class=\"ue_post_blocks_content\">\n      \n     \n         \n    <div class=\"ue_post_blocks_title\"><a href=\"https:\/\/aislovakia.com\/en\/letna-skola-strojoveho-ucenia-eeml2023\/\">Letn\u00e1 \u0161kola strojov\u00e9ho u\u010denia - EEML2023<\/a><\/div>    \n        \n    \n    <div class=\"ue_post_blocks_text\">9.7-16.7.2023<\/div>    <div class=\"ue_post_blocks_link\"><a href=\"https:\/\/aislovakia.com\/en\/letna-skola-strojoveho-ucenia-eeml2023\/\" class=\"\">\u010c\u00edta\u0165 viac<\/a><\/div>  <\/div>\n<\/div>\n<div class=\"ue_post_blocks_box\">\n    <div class=\"ue_post_blocks_image\">\n    <a href=\"https:\/\/aislovakia.com\/en\/ai-klinika-zdravotnictvo\/\" style=\"display:block;\"><img loading=\"lazy\" decoding=\"async\" src=\"https:\/\/aislovakia.com\/wp-content\/uploads\/2023\/04\/www.AIslovakia.com-5-768x574.jpg\"  alt=\"www.AIslovakia\" width=\"768\" height=\"574\"><\/a>\n  <\/div>\n    <div class=\"ue_post_blocks_content\">\n      \n     \n         \n    <div class=\"ue_post_blocks_title\"><a href=\"https:\/\/aislovakia.com\/en\/ai-klinika-zdravotnictvo\/\">AI-klinika: ZDRAVOTN\u00cdCTVO - pozv\u00e1nka<\/a><\/div>    \n        \n    \n    <div class=\"ue_post_blocks_text\">Registr\u00e1cia na tento event je u\u017e mo\u017en\u00e1 len na online \u010das\u0165, prostredn\u00edctvom registra\u010dn\u00e9ho linku: https:\/\/lnk.sk\/bzrx\n\n\n\n\n\n\n\n\n27.4.2023...<\/div>    <div class=\"ue_post_blocks_link\"><a href=\"https:\/\/aislovakia.com\/en\/ai-klinika-zdravotnictvo\/\" class=\"\">\u010c\u00edta\u0165 viac<\/a><\/div>  <\/div>\n<\/div>\n<div class=\"ue_post_blocks_box\">\n    <div class=\"ue_post_blocks_image\">\n    <a href=\"https:\/\/aislovakia.com\/en\/cybernetics-informatics-22\/\" style=\"display:block;\"><img loading=\"lazy\" decoding=\"async\" src=\"https:\/\/aislovakia.com\/wp-content\/uploads\/2023\/03\/CfP-Visegrad-1_page-0001-768x1085.jpg\"  alt=\"CfP-Visegrad-1_page-0001\" width=\"768\" height=\"1085\"><\/a>\n  <\/div>\n    <div class=\"ue_post_blocks_content\">\n      \n     \n         \n    <div class=\"ue_post_blocks_title\"><a href=\"https:\/\/aislovakia.com\/en\/cybernetics-informatics-22\/\">CYBERNETICS &amp; INFORMATICS '22<\/a><\/div>    \n        \n    \n    <div class=\"ue_post_blocks_text\">11.9.2022-14.9.2022<\/div>    <div class=\"ue_post_blocks_link\"><a href=\"https:\/\/aislovakia.com\/en\/cybernetics-informatics-22\/\" class=\"\">\u010c\u00edta\u0165 viac<\/a><\/div>  <\/div>\n<\/div>\n\n<\/div>\n\t\t\t<!-- end Post Blocks -->\t\t<\/div>\n\t\t\t\t<\/div>\n\t\t\t\t\t<\/div>\n\t\t<\/div>\n\t\t\t\t\t<\/div>\n\t\t<\/section>\n\t\t\t\t<section class=\"elementor-section elementor-top-section elementor-element elementor-element-e58526c elementor-section-boxed elementor-section-height-default elementor-section-height-default\" data-id=\"e58526c\" data-element_type=\"section\">\n\t\t\t\t\t\t<div class=\"elementor-container elementor-column-gap-default\">\n\t\t\t\t\t<div class=\"elementor-column elementor-col-100 elementor-top-column elementor-element elementor-element-db9d57d\" data-id=\"db9d57d\" data-element_type=\"column\">\n\t\t\t<div class=\"elementor-widget-wrap\">\n\t\t\t\t\t\t\t<\/div>\n\t\t<\/div>\n\t\t\t\t\t<\/div>\n\t\t<\/section>\n\t\t\t\t<\/div>","protected":false},"excerpt":{"rendered":"<p>Pripravovan\u00e9 eventy Uskuto\u010dnen\u00e9 eventy AI workshopy v zdravotn\u00edckom odvetv\u00ed u\u017e 5.12.2024 Radi by sme V\u00e1s v spolupr\u00e1ci s projektom HealthHUB pozvali na \u010fal\u0161ie zauj\u00edmav\u00e9 vzdel\u00e1vacie workshopy&#8230; \u010c\u00edta\u0165 viac ITAPA AI 12. december 2024 Poz\u00fdvame V\u00e1s na druh\u00fa ed\u00edciou ve\u013emi \u00faspe\u0161nej marcovej konferencie ITAPA AI zameranej na t\u00e9my vyu\u017e\u00edvania&#8230; \u010c\u00edta\u0165 viac Jesenn\u00e1 ITAPA 25. &#8211; 28. [&hellip;]<\/p>","protected":false},"author":4,"featured_media":0,"parent":0,"menu_order":0,"comment_status":"closed","ping_status":"closed","template":"","meta":{"_monsterinsights_skip_tracking":false,"_monsterinsights_sitenote_active":false,"_monsterinsights_sitenote_note":"","_monsterinsights_sitenote_category":0},"_links":{"self":[{"href":"https:\/\/aislovakia.com\/en\/wp-json\/wp\/v2\/pages\/3412"}],"collection":[{"href":"https:\/\/aislovakia.com\/en\/wp-json\/wp\/v2\/pages"}],"about":[{"href":"https:\/\/aislovakia.com\/en\/wp-json\/wp\/v2\/types\/page"}],"author":[{"embeddable":true,"href":"https:\/\/aislovakia.com\/en\/wp-json\/wp\/v2\/users\/4"}],"replies":[{"embeddable":true,"href":"https:\/\/aislovakia.com\/en\/wp-json\/wp\/v2\/comments?post=3412"}],"version-history":[{"count":6,"href":"https:\/\/aislovakia.com\/en\/wp-json\/wp\/v2\/pages\/3412\/revisions"}],"predecessor-version":[{"id":4338,"href":"https:\/\/aislovakia.com\/en\/wp-json\/wp\/v2\/pages\/3412\/revisions\/4338"}],"wp:attachment":[{"href":"https:\/\/aislovakia.com\/en\/wp-json\/wp\/v2\/media?parent=3412"}],"curies":[{"name":"wp","href":"https:\/\/api.w.org\/{rel}","templated":true}]}}