{"id":376,"date":"2018-01-17T12:18:17","date_gmt":"2018-01-17T12:18:17","guid":{"rendered":"https:\/\/aislovakia.com\/%d8%a7%d9%84%d9%84%d8%ac%d8%a7%d9%86\/"},"modified":"2018-01-17T12:18:17","modified_gmt":"2018-01-17T12:18:17","slug":"%d8%a7%d9%84%d9%84%d8%ac%d8%a7%d9%86","status":"publish","type":"page","link":"https:\/\/aislovakia.com\/en\/%d8%a7%d9%84%d9%84%d8%ac%d8%a7%d9%86\/","title":{"rendered":"\u0627\u0644\u0644\u062c\u0627\u0646"},"content":{"rendered":"<div style=\"\\\"direction:\" ltr;\\\">\n<table>\n<tbody>\n<tr>\n<td colspan=\"\\\"2\\\"\">\n<h4 align=\"\\\"center\\\"\"><span style=\"\\\"color:\" #000000;\\\">General Honorary Chair<\/span><\/h4>\n<\/td>\n<\/tr>\n<tr>\n<td colspan=\"\\\"2\\\"\"><span style=\"\\\"color:\" #000000;\\\"><img class=\"\\\"aligncenter\\\"\" src=\"\\\"http:\/\/dev.erlang.sk\/www.disa.sk\/file\/upload\/hashimoto.jpg\\\"\" alt=\"\\\"\\\"\" width=\"\\\"133\\\"\" height=\"\\\"106\\\"\" align=\"\\\"center\\\"\" \/><\/span><\/p>\n<p style=\"\\\"text-align:\" center;\\\"><span style=\"\\\"color:\" #000000;\\\"><strong>Shuji Hashimoto<\/strong><\/span><br \/>\n<span style=\"\\\"color:\" #000000;\\\"> Waseda University, Tokyo, Japan<\/span><\/p>\n<\/td>\n<\/tr>\n<tr>\n<td colspan=\"\\\"2\\\"\">&nbsp;<\/p>\n<h4 align=\"\\\"center\\\"\"><span style=\"\\\"color:\" #000000;\\\">Senior Advisory Board<\/span><\/h4>\n<\/td>\n<\/tr>\n<tr>\n<td style=\"\\\"text-align:\" center;\\\"><span style=\"\\\"color:\" #000000;\\\"><img class=\"\\\"aligncenter\\\"\" src=\"\\\"http:\/\/dev.erlang.sk\/www.disa.sk\/file\/upload\/yamanoi.png\\\"\" alt=\"\\\"\\\"\" width=\"\\\"106\\\"\" height=\"\\\"106\\\"\" \/><\/span><\/p>\n<p style=\"\\\"text-align:\" center;\\\"><span style=\"\\\"color:\" #000000;\\\"><strong>Takahiro Yamanoi<\/strong><\/span><br \/>\n<span style=\"\\\"color:\" #000000;\\\"> Hokkai-Gakuen University, Japan<\/span><\/p>\n<\/td>\n<td><span style=\"\\\"color:\" #000000;\\\"><img class=\"\\\"aligncenter\\\"\" src=\"\\\"http:\/\/dev.erlang.sk\/www.disa.sk\/file\/upload\/chen.gif\\\"\" alt=\"\\\"\\\"\" width=\"\\\"82\\\"\" height=\"\\\"106\\\"\" \/><\/span><\/p>\n<p style=\"\\\"text-align:\" center;\\\"><span style=\"\\\"color:\" #000000;\\\"><strong>Xiaoping Chen<\/strong><\/span><br \/>\n<span style=\"\\\"color:\" #000000;\\\"> University of Science and Technology of China<\/span><\/p>\n<\/td>\n<\/tr>\n<tr>\n<td><span style=\"\\\"color:\" #000000;\\\"><img class=\"\\\"aligncenter\\\"\" src=\"\\\"http:\/\/dev.erlang.sk\/www.disa.sk\/file\/upload\/fujita.png\\\"\" alt=\"\\\"\\\"\" width=\"\\\"92\\\"\" height=\"\\\"106\\\"\" \/><\/span><\/p>\n<p style=\"\\\"text-align:\" center;\\\"><span style=\"\\\"color:\" #000000;\\\"><strong>Hamido Fujita<\/strong><\/span><br \/>\n<span style=\"\\\"color:\" #000000;\\\"> Iwate Prefectural University, Japan<\/span><\/p>\n<\/td>\n<td><span style=\"\\\"color:\" #000000;\\\"><img class=\"\\\"aligncenter\\\"\" src=\"\\\"http:\/\/dev.erlang.sk\/www.disa.sk\/file\/upload\/marik.jpg\\\"\" alt=\"\\\"\\\"\" width=\"\\\"76\\\"\" height=\"\\\"106\\\"\" \/><\/span><\/p>\n<p style=\"\\\"text-align:\" center;\\\"><span style=\"\\\"color:\" #000000;\\\"><strong>Vladim\u00edr Ma\u0159\u00edk<\/strong><\/span><br \/>\n<span style=\"\\\"color:\" #000000;\\\"> Czech Technical University, Prague, Czech Republic<\/span><\/p>\n<\/td>\n<\/tr>\n<tr>\n<td>\n<p style=\"\\\"text-align:\" center;\\\"><span style=\"\\\"color:\" #000000;\\\">\u00a0<img class=\"\\\"aligncenter\\\"\" src=\"\\\"http:\/\/dev.erlang.sk\/www.disa.sk\/file\/upload\/hirota.png\\\"\" alt=\"\\\"\\\"\" width=\"\\\"106\\\"\" height=\"\\\"106\\\"\" \/><\/span><\/p>\n<p style=\"\\\"text-align:\" center;\\\"><span style=\"\\\"color:\" #000000;\\\"><strong>Kaoru Hirota<\/strong><\/span><br \/>\n<span style=\"\\\"color:\" #000000;\\\"> Beijing Institute of Technology, China<\/span><\/p>\n<\/td>\n<td>\n<p style=\"\\\"text-align:\" center;\\\"><span style=\"\\\"color:\" #000000;\\\">\u00a0<img class=\"\\\"aligncenter\\\"\" src=\"\\\"http:\/\/dev.erlang.sk\/www.disa.sk\/file\/upload\/kacprzyk.jpg\\\"\" alt=\"\\\"\\\"\" width=\"\\\"79\\\"\" height=\"\\\"106\\\"\" \/><\/span><\/p>\n<p style=\"\\\"text-align:\" center;\\\"><span style=\"\\\"color:\" #000000;\\\"><strong>Janusz Kacprzyk<\/strong><\/span><br \/>\n<span style=\"\\\"color:\" #000000;\\\"> Polish Academy of Sciences, Warsaw, Poland<\/span><\/p>\n<\/td>\n<\/tr>\n<\/tbody>\n<\/table>\n<p>&nbsp;<\/p>\n<h4><span style=\"\\\"color:\" #000000;\\\">Special Honorary Chairs<\/span><\/h4>\n<p><span style=\"\\\"color:\" #000000;\\\">Stanislav Kme\u0165, Rector, Technical University of Ko\u0161ice, Slovakia<\/span><br \/>\n<span style=\"\\\"color:\" #000000;\\\"> Liberios Vokorokos, Dean, Technical University of Ko\u0161ice, Slovakia<\/span><br \/>\n<span style=\"\\\"color:\" #000000;\\\"> Anton \u010ci\u017em\u00e1r, Vice-rector, Technical University of Ko\u0161ice, Slovakia<\/span><\/p>\n<p>&nbsp;<\/p>\n<h4><span style=\"\\\"color:\" #000000;\\\">General Chairs<\/span><\/h4>\n<p><span style=\"\\\"color:\" #000000;\\\">Peter Sin\u010d\u00e1k, Technical University of Ko\u0161ice, Slovakia<\/span><br \/>\n<span style=\"\\\"color:\" #000000;\\\"> Jozef Juh\u00e1r, Technical University of Ko\u0161ice, Slovakia<\/span><\/p>\n<p>&nbsp;<\/p>\n<h4><span style=\"\\\"color:\" #000000;\\\">Publication Chairs<\/span><\/h4>\n<p><span style=\"\\\"color:\" #000000;\\\">Jan Paralic, Technical University of Ko\u0161ice, Slovakia<\/span><br \/>\n<span style=\"\\\"color:\" #000000;\\\"> Marek Bundzel, Technical University of Ko\u0161ice, Slovakia<\/span><br \/>\n<span style=\"\\\"color:\" #000000;\\\"> Christopher R. Hudson, Mississippi State University, USA<\/span><br \/>\n<span style=\"\\\"color:\" #000000;\\\"> David Vincze, University of Miskolc, Hungary<\/span><br \/>\n<span style=\"\\\"color:\" #000000;\\\"> Hiroaki Wagatsuma,\u00a0 Kyushu Institute of Technology, Japan<\/span><br \/>\n<span style=\"\\\"color:\" #000000;\\\"> Jan Vascak, Technical University of Ko\u0161ice, Slovakia<\/span><br \/>\n<span style=\"\\\"color:\" #000000;\\\"> Manuele Bonaccorsi, Scuola Superiore Sant Anna, Italy<\/span><br \/>\n<span style=\"\\\"color:\" #000000;\\\"> Daniel Carruth, Mississippi State University, USA<\/span><\/p>\n<p>&nbsp;<\/p>\n<h4><span style=\"\\\"color:\" #000000;\\\">Keynote Chairs<\/span><\/h4>\n<p><span style=\"\\\"color:\" #000000;\\\">Cindy Bethel, Mississippi State University, USA<\/span><br \/>\n<span style=\"\\\"color:\" #000000;\\\"> Maryam Alimardani, University of Tokyo<\/span><br \/>\n<span style=\"\\\"color:\" #000000;\\\"> Matus Pleva, Technical University of Ko\u0161ice, Slovakia<\/span><\/p>\n<p>&nbsp;<\/p>\n<h4><span style=\"\\\"color:\" #000000;\\\">Workshop and Tutorial Chairs<\/span><\/h4>\n<p><span style=\"\\\"color:\" #000000;\\\">Kristina Machova, Technical University of Ko\u0161ice, Slovakia<\/span><br \/>\n<span style=\"\\\"color:\" #000000;\\\"> Kaori Yoshida,Kyushu Institute of Technology, Japan<\/span><br \/>\n<span style=\"\\\"color:\" #000000;\\\"> Ales Janota, University of \u017dilina, Slovakia<\/span><\/p>\n<p>&nbsp;<\/p>\n<h4><span style=\"\\\"color:\" #000000;\\\">Local Organizing Chairs<\/span><\/h4>\n<p><span style=\"\\\"color:\" #000000;\\\">Stefan Fejedelem, elfa, Slovakia<\/span><br \/>\n<span style=\"\\\"color:\" #000000;\\\"> Frantisek Babic, Technical University of Ko\u0161ice, Slovakia<\/span><\/p>\n<p>&nbsp;<\/p>\n<h4><span style=\"\\\"color:\" #000000;\\\">Web Management Chairs<\/span><\/h4>\n<p><span style=\"\\\"color:\" #000000;\\\">Patrik Sabol, Technical University of Ko\u0161ice, Slovakia<\/span><br \/>\n<span style=\"\\\"color:\" #000000;\\\"> Jan Magyar, Technical University of Ko\u0161ice, Slovakia<\/span><\/p>\n<p>&nbsp;<\/p>\n<h4><span style=\"\\\"color:\" #000000;\\\">Publicity Chairs<\/span><\/h4>\n<p><span style=\"\\\"color:\" #000000;\\\">Gergely Magyar, Technical University of Ko\u0161ice, Slovakia<\/span><br \/>\n<span style=\"\\\"color:\" #000000;\\\"> Christopher R. Hudson, Mississippi State University, USA<\/span><\/p>\n<p>&nbsp;<\/p>\n<h4><span style=\"\\\"color:\" #000000;\\\">Program Committee<\/span><\/h4>\n<p><span style=\"\\\"color:\" #000000;\\\">Marian Mach, Technical University of Ko\u0161ice, Slovakia<\/span><br \/>\n<span style=\"\\\"color:\" #000000;\\\"> Tomohiro Shibata, Kyushu Institute of Technology, Japan<\/span><br \/>\n<span style=\"\\\"color:\" #000000;\\\"> Jong Hwan Kim, KAIST, South Korea<\/span><br \/>\n<span style=\"\\\"color:\" #000000;\\\"> Leszek Rutkowski, Czestochowa University of Technology, Poland<\/span><br \/>\n<span style=\"\\\"color:\" #000000;\\\">M\u00e1ria Luck\u00e1,Slovak University of Technology, Slovakia<\/span><br \/>\n<span style=\"\\\"color:\" #000000;\\\"> Filippo Cavallo, Scuola Superiore Sant Anna, Italy<\/span><br \/>\n<span style=\"\\\"color:\" #000000;\\\">Ivana Budinska, Slovak Academy of Science, Slovakia<\/span><br \/>\n<span style=\"\\\"color:\" #000000;\\\"> Dezso Vass, Bay Zoltan Nonprofit Ltd. For Applied Research, Hungary<\/span><br \/>\n<span style=\"\\\"color:\" #000000;\\\"> Peter Butka, Technical University of Ko\u0161ice, Slovakia<\/span><br \/>\n<span style=\"\\\"color:\" #000000;\\\"> Peter Bednar, Technical University of Ko\u0161ice, Slovakia<\/span><br \/>\n<span style=\"\\\"color:\" #000000;\\\"> Peter Geczy, National Institute of AIST, Japan<\/span><br \/>\n<span style=\"\\\"color:\" #000000;\\\"> Toru Yamaguchi, Tokyo Metropolitan University, Japan<\/span><br \/>\n<span style=\"\\\"color:\" #000000;\\\"> Yasufumi Takama, Tokyo Metropolitan University, Japan<\/span><br \/>\n<span style=\"\\\"color:\" #000000;\\\"> Danuta Rutkowska, Czestochova University of Technology, Poland<\/span><br \/>\n<span style=\"\\\"color:\" #000000;\\\"> Vladimir Kvasni\u010dka, Slovak University of Technology, Slovakia<\/span><br \/>\n<span style=\"\\\"color:\" #000000;\\\"> Emilia Barakova, Eindhoven University of Technology, the Netherlands<\/span><br \/>\n<span style=\"\\\"color:\" #000000;\\\"> Peter Hubinsky, Slovak University of Technology, Slovakia<\/span><br \/>\n<span style=\"\\\"color:\" #000000;\\\"> Igor Farkas, Comenius University, Slovakia<\/span><br \/>\n<span style=\"\\\"color:\" #000000;\\\"> Yaping Dai, Beijing Institute of Technology, China<\/span><br \/>\n<span style=\"\\\"color:\" #000000;\\\"> Hyun Myung, KAIST, South Korea<\/span><br \/>\n<span style=\"\\\"color:\" #000000;\\\"> Marek Hatala, Simon Fraser University, Canada<\/span><br \/>\n<span style=\"\\\"color:\" #000000;\\\"> Cindy Mason, Stanford University, USA<\/span><br \/>\n<span style=\"\\\"color:\" #000000;\\\"> Yusuke Nojima, Osaka Prefecture University, Japan<\/span><br \/>\n<span style=\"\\\"color:\" #000000;\\\"> Valentina Balas, Aurel Vlaicu University of Arad, Romania<\/span><br \/>\n<span style=\"\\\"color:\" #000000;\\\"> Thomas Trappenberg, Dalhousie University, Canada<\/span><br \/>\n<span style=\"\\\"color:\" #000000;\\\"> Kenji Suzuki, University of Tsukuba, Japan<\/span><br \/>\n<span style=\"\\\"color:\" #000000;\\\">Maria Bielikova,\u00a0Slovak University of Technology, Slovakia<\/span><br \/>\n<span style=\"\\\"color:\" #000000;\\\"> Hideyuki Sawada, Waseda University, Japan<\/span><br \/>\n<span style=\"\\\"color:\" #000000;\\\"> Ryo Saegusa, Toyohashi University of Technology, Japan<\/span><br \/>\n<span style=\"\\\"color:\" #000000;\\\">Viera Rozinajov\u00e1<\/span>,<span style=\"\\\"color:\" #000000;\\\">Slovak University of Technology, Slovakia<\/span><br \/>\n<span style=\"\\\"color:\" #000000;\\\">Andreas Nurnberger, Otto von Guericke University, Germany<\/span><br \/>\n<span style=\"\\\"color:\" #000000;\\\"> Michal Kelemen, Technical University of Ko\u0161ice, Slovakia<\/span><br \/>\n<span style=\"\\\"color:\" #000000;\\\">Cindy Bethel, Mississippi State University, USA<\/span><br \/>\n<span style=\"\\\"color:\" #000000;\\\">Juraj Spalek, University of \u017dilina, Slovakia<\/span><br \/>\n<span style=\"\\\"color:\" #000000;\\\"> Libor Preucil, Czech Technical University, Czech Republic<\/span><br \/>\n<span style=\"\\\"color:\" #000000;\\\"> Napoleon Reyes, Massey University, New Zealand<\/span><br \/>\n<span style=\"\\\"color:\" #000000;\\\"> Frantisek Duchon, Slovak University of Technology, Slovakia<\/span><br \/>\n<span style=\"\\\"color:\" #000000;\\\"> Jozef Zivcak, Technical University of Ko\u0161ice, Slovakia<\/span><br \/>\n<span style=\"\\\"color:\" #000000;\\\">Szilveszter Kovacs, University of Miskolc, Hungary<br \/>\nLaszlo Kovacs, University of Miskolc, Hungary<\/span><br \/>\n<span style=\"\\\"color:\" #000000;\\\"> Vaclav Hlavac, Czech Technical University, Czech Republic<\/span><br \/>\n<span style=\"\\\"color:\" #000000;\\\"> Andries Engelbrecht, University of Pretoria, South Africa<\/span><br \/>\n<span style=\"\\\"color:\" #000000;\\\"> Jiri Pospichal, University of S. Cyril and Methodius, Slovakia<\/span><br \/>\n<span style=\"\\\"color:\" #000000;\\\"> Tamas Haidegger, \u00d3buda University, Hungary<\/span><br \/>\n<span style=\"\\\"color:\" #000000;\\\"> Stefan Kozak, Slovak University of Technology, Slovakia<\/span><br \/>\n<span style=\"\\\"color:\" #000000;\\\"> Iveta Zolotova, Technical University of Ko\u0161ice, Slovakia<\/span><br \/>\n<span style=\"\\\"color:\" #000000;\\\"> Gabriela Andrejkova, University of P.J. Safarik, Slovakia<\/span><br \/>\n<span style=\"\\\"color:\" #000000;\\\">Dong Hwa Kim, HanBat National University, South Korea<\/span><br \/>\n<span style=\"\\\"color:\" #000000;\\\">Pavol N\u00e1vrat,\u00a0Slovak University of Technology, Slovakia<\/span><\/p>\n<\/div>","protected":false},"excerpt":{"rendered":"<p>General Honorary Chair Shuji Hashimoto Waseda University, Tokyo, Japan &nbsp; Senior Advisory Board Takahiro Yamanoi Hokkai-Gakuen University, Japan Xiaoping Chen University of Science and Technology of China Hamido Fujita Iwate Prefectural University, Japan Vladim\u00edr Ma\u0159\u00edk Czech Technical University, Prague, Czech Republic \u00a0 Kaoru Hirota Beijing Institute of Technology, China \u00a0 Janusz Kacprzyk Polish Academy of [&hellip;]<\/p>","protected":false},"author":5,"featured_media":0,"parent":0,"menu_order":0,"comment_status":"closed","ping_status":"closed","template":"","meta":{"_monsterinsights_skip_tracking":false,"_monsterinsights_sitenote_active":false,"_monsterinsights_sitenote_note":"","_monsterinsights_sitenote_category":0},"_links":{"self":[{"href":"https:\/\/aislovakia.com\/en\/wp-json\/wp\/v2\/pages\/376"}],"collection":[{"href":"https:\/\/aislovakia.com\/en\/wp-json\/wp\/v2\/pages"}],"about":[{"href":"https:\/\/aislovakia.com\/en\/wp-json\/wp\/v2\/types\/page"}],"author":[{"embeddable":true,"href":"https:\/\/aislovakia.com\/en\/wp-json\/wp\/v2\/users\/5"}],"replies":[{"embeddable":true,"href":"https:\/\/aislovakia.com\/en\/wp-json\/wp\/v2\/comments?post=376"}],"version-history":[{"count":0,"href":"https:\/\/aislovakia.com\/en\/wp-json\/wp\/v2\/pages\/376\/revisions"}],"wp:attachment":[{"href":"https:\/\/aislovakia.com\/en\/wp-json\/wp\/v2\/media?parent=376"}],"curies":[{"name":"wp","href":"https:\/\/api.w.org\/{rel}","templated":true}]}}